{"id":1164,"date":"2018-04-07T10:27:56","date_gmt":"2018-04-07T08:27:56","guid":{"rendered":"https:\/\/tallnerhof.com\/?page_id=1164"},"modified":"2024-10-18T11:52:37","modified_gmt":"2024-10-18T09:52:37","slug":"maso-tallnerhof","status":"publish","type":"page","link":"https:\/\/tallnerhof.com\/it\/maso-tallnerhof\/","title":{"rendered":"Maso Tallnerhof"},"content":{"rendered":"<p>Il nostro maso \u00e8 stato acquistato nel 1932 da Sebastian Gufler, che proveniva dalla Valle V\u00e0rtleiser. Della propriet\u00e0 di allora una buona parte \u00e8 andata perduta, parte dei diritti e dei pascoli di montagna, che originariamente erano in nostro possesso, non ci appartengono pi\u00f9 per questioni di successione. Anche la malga Gompm Alm faceva un tempo parte del nostro maso.<\/p>\n<p>Oggi la nostra azienda \u00e8 un maso chiuso e non pu\u00f2 dunque essere suddiviso nemmeno in caso di successione. Il proprietario \u00e8 Josef Gufler, nipote di Sebastian. Il maso comprende 10 ha di prati, 20 ha di bosco, un piccolo alpeggio con rifugio e pascolo, e un diritto di pascolo nell&#8217;area del Monte Cervina.<\/p>\n<p>Il nostro maso ospita 30 bovini, 16 dei quali sono vacche da latte, mentre il resto \u00e8 rappresentato da giovani manzi; 15 galline per le uova, 5 gatti, 2 maiali e un cane.<\/p>\n<div id=\"pacchetto-starter\" class=\"bg-preise\">\n<h1 style=\"text-align: center;\">Pacchetto starter<\/h1>\n<p><img loading=\"lazy\" decoding=\"async\" class=\"wp-image-736 size-medium aligncenter\" src=\"https:\/\/tallnerhof.com\/wordpress-2018\/wp-content\/uploads\/2018\/07\/tallnerhof_starterpaket-1-300x225.jpg\" alt=\"\" width=\"300\" height=\"225\" srcset=\"https:\/\/tallnerhof.com\/wordpress-2018\/wp-content\/uploads\/2018\/07\/tallnerhof_starterpaket-1-300x225.jpg 300w, https:\/\/tallnerhof.com\/wordpress-2018\/wp-content\/uploads\/2018\/07\/tallnerhof_starterpaket-1-768x576.jpg 768w, https:\/\/tallnerhof.com\/wordpress-2018\/wp-content\/uploads\/2018\/07\/tallnerhof_starterpaket-1.jpg 1024w, https:\/\/tallnerhof.com\/wordpress-2018\/wp-content\/uploads\/2018\/07\/tallnerhof_starterpaket-1-750x563.jpg 750w, https:\/\/tallnerhof.com\/wordpress-2018\/wp-content\/uploads\/2018\/07\/tallnerhof_starterpaket-1-555x416.jpg 555w\" sizes=\"auto, (max-width: 300px) 100vw, 300px\" \/><\/p>\n<p style=\"text-align: center;\"><strong>A richiesta, offriamo ai nostri ospiti un \u201cpacchetto starter\u201d di nostri prodotti:<\/strong><\/p>\n<p style=\"text-align: center;\">1 litro di latte + 6 uova + Marmellata + Pane Sch\u00fcttelbrot + Sale alle erbe + 1 bottiglia di vino + Tagliatelle (500g) + 1 Pezzetto di speck + 1 bottiglia di sciroppo<\/p>\n<p style=\"text-align: center;\"><strong>con un supplemento di 38,00 \u20ac<\/strong><\/p>\n<\/div>\n<div id=\"parcho-giochi\" class=\"bg-preise\">\n<h1 style=\"text-align: center;\">Parcho giochi<\/h1>\n<p style=\"text-align: left;\"><img loading=\"lazy\" decoding=\"async\" class=\"size-medium wp-image-737 aligncenter\" src=\"https:\/\/tallnerhof.com\/wordpress-2018\/wp-content\/uploads\/2018\/07\/tallnerhof_spielplatz-1-300x225.jpg\" alt=\"\" width=\"300\" height=\"225\" srcset=\"https:\/\/tallnerhof.com\/wordpress-2018\/wp-content\/uploads\/2018\/07\/tallnerhof_spielplatz-1-300x225.jpg 300w, https:\/\/tallnerhof.com\/wordpress-2018\/wp-content\/uploads\/2018\/07\/tallnerhof_spielplatz-1-768x576.jpg 768w, https:\/\/tallnerhof.com\/wordpress-2018\/wp-content\/uploads\/2018\/07\/tallnerhof_spielplatz-1.jpg 1024w, https:\/\/tallnerhof.com\/wordpress-2018\/wp-content\/uploads\/2018\/07\/tallnerhof_spielplatz-1-750x563.jpg 750w, https:\/\/tallnerhof.com\/wordpress-2018\/wp-content\/uploads\/2018\/07\/tallnerhof_spielplatz-1-555x416.jpg 555w\" sizes=\"auto, (max-width: 300px) 100vw, 300px\" \/><\/p>\n<p style=\"text-align: center;\">Il nostro nuovo parco giochi offre divertimento ed emozioni a tutti i bambini. Qui i pi\u00f9 piccoli possono intrattenersi a loro piacimento.<\/p>\n<\/div>\n<div id=\"bottega-del-maso\" class=\"bg-preise\">\n<h1 style=\"text-align: center;\">Bottega del maso<\/h1>\n<p><img loading=\"lazy\" decoding=\"async\" class=\"aligncenter size-medium wp-image-835\" src=\"https:\/\/tallnerhof.com\/wordpress-2018\/wp-content\/uploads\/2018\/07\/tallnerhof_hofladen_1-300x225.jpg\" alt=\"\" width=\"300\" height=\"225\" srcset=\"https:\/\/tallnerhof.com\/wordpress-2018\/wp-content\/uploads\/2018\/07\/tallnerhof_hofladen_1-300x225.jpg 300w, https:\/\/tallnerhof.com\/wordpress-2018\/wp-content\/uploads\/2018\/07\/tallnerhof_hofladen_1-768x576.jpg 768w, https:\/\/tallnerhof.com\/wordpress-2018\/wp-content\/uploads\/2018\/07\/tallnerhof_hofladen_1.jpg 1024w, https:\/\/tallnerhof.com\/wordpress-2018\/wp-content\/uploads\/2018\/07\/tallnerhof_hofladen_1-750x563.jpg 750w, https:\/\/tallnerhof.com\/wordpress-2018\/wp-content\/uploads\/2018\/07\/tallnerhof_hofladen_1-555x416.jpg 555w\" sizes=\"auto, (max-width: 300px) 100vw, 300px\" \/><\/p>\n<p style=\"text-align: center;\">Agli ospiti dell\u2019agriturismo Tallnerhof offriamo diversi prodotti realizzati nel nostro maso, come marmellate, sciroppi, miele, sale alle erbe, frutta secca, verdure sott&#8217;olio e unguento alla calendula.<\/p>\n<h1 id=\"parcheggi\" style=\"text-align: center;\">Parcheggi<\/h1>\n<p><img loading=\"lazy\" decoding=\"async\" class=\"aligncenter wp-image-1977 size-medium\" src=\"https:\/\/tallnerhof.com\/wordpress-2018\/wp-content\/uploads\/2024\/10\/Tallnerhof-Parkplatz-300x200.jpg\" alt=\"\" width=\"300\" height=\"200\" srcset=\"https:\/\/tallnerhof.com\/wordpress-2018\/wp-content\/uploads\/2024\/10\/Tallnerhof-Parkplatz-300x200.jpg 300w, https:\/\/tallnerhof.com\/wordpress-2018\/wp-content\/uploads\/2024\/10\/Tallnerhof-Parkplatz-1024x683.jpg 1024w, https:\/\/tallnerhof.com\/wordpress-2018\/wp-content\/uploads\/2024\/10\/Tallnerhof-Parkplatz-768x512.jpg 768w, https:\/\/tallnerhof.com\/wordpress-2018\/wp-content\/uploads\/2024\/10\/Tallnerhof-Parkplatz-1536x1024.jpg 1536w, https:\/\/tallnerhof.com\/wordpress-2018\/wp-content\/uploads\/2024\/10\/Tallnerhof-Parkplatz-750x500.jpg 750w, https:\/\/tallnerhof.com\/wordpress-2018\/wp-content\/uploads\/2024\/10\/Tallnerhof-Parkplatz-555x370.jpg 555w, https:\/\/tallnerhof.com\/wordpress-2018\/wp-content\/uploads\/2024\/10\/Tallnerhof-Parkplatz.jpg 1920w\" sizes=\"auto, (max-width: 300px) 100vw, 300px\" \/><\/p>\n<p style=\"text-align: center;\">NUOVO: Posti auto coperti<\/p>\n<\/div>\n<div class=\"bg-preise\">\n<h1 style=\"text-align: center;\">Frutta e verdura fresca<\/h1>\n<p style=\"text-align: center;\">I nostri ospiti ricevono frutta e verdura fresca dal nostro orto a seconda della stagione.<\/p>\n<h1 style=\"text-align: center;\">Pane fresco<\/h1>\n<p style=\"text-align: center;\">Da Pasqua a Ognissanti pane fresco giornaliero su ordinazione.<\/p>\n<\/div>\n<div class=\"bg-preise\">\n<h1 style=\"text-align: center;\">Visita alla stalla<\/h1>\n<p style=\"text-align: center;\">Ogni giorno, dalle ore 17.00 alle ore 19.00, i nostri ospiti hanno la possibilit\u00e0 di visitare la stalla.<br \/>\nVisite guidate sono disponibili su richiesta.<\/p>\n<\/div>\n<div id='gallery-1' class='gallery galleryid-1164 gallery-columns-3 gallery-size-medium'><figure class='gallery-item'>\n\t\t\t<div class='gallery-icon landscape'>\n\t\t\t\t<a href='https:\/\/tallnerhof.com\/wordpress-2018\/wp-content\/uploads\/2018\/07\/tallnerhof_panorama-2.jpg' data-lightbox=\"gal[1164]\"><img loading=\"lazy\" decoding=\"async\" width=\"300\" height=\"225\" src=\"https:\/\/tallnerhof.com\/wordpress-2018\/wp-content\/uploads\/2018\/07\/tallnerhof_panorama-2-300x225.jpg\" class=\"attachment-medium size-medium\" alt=\"Val Passiria\" srcset=\"https:\/\/tallnerhof.com\/wordpress-2018\/wp-content\/uploads\/2018\/07\/tallnerhof_panorama-2-300x225.jpg 300w, https:\/\/tallnerhof.com\/wordpress-2018\/wp-content\/uploads\/2018\/07\/tallnerhof_panorama-2-768x576.jpg 768w, https:\/\/tallnerhof.com\/wordpress-2018\/wp-content\/uploads\/2018\/07\/tallnerhof_panorama-2.jpg 1024w, https:\/\/tallnerhof.com\/wordpress-2018\/wp-content\/uploads\/2018\/07\/tallnerhof_panorama-2-750x563.jpg 750w, https:\/\/tallnerhof.com\/wordpress-2018\/wp-content\/uploads\/2018\/07\/tallnerhof_panorama-2-555x416.jpg 555w\" sizes=\"auto, (max-width: 300px) 100vw, 300px\" \/><\/a>\n\t\t\t<\/div><\/figure><figure class='gallery-item'>\n\t\t\t<div class='gallery-icon landscape'>\n\t\t\t\t<a href='https:\/\/tallnerhof.com\/wordpress-2018\/wp-content\/uploads\/2018\/07\/tallnerhof_balkon-2.jpg' data-lightbox=\"gal[1164]\"><img loading=\"lazy\" decoding=\"async\" width=\"300\" height=\"225\" src=\"https:\/\/tallnerhof.com\/wordpress-2018\/wp-content\/uploads\/2018\/07\/tallnerhof_balkon-2-300x225.jpg\" class=\"attachment-medium size-medium\" alt=\"Balcone Passiria\" srcset=\"https:\/\/tallnerhof.com\/wordpress-2018\/wp-content\/uploads\/2018\/07\/tallnerhof_balkon-2-300x225.jpg 300w, https:\/\/tallnerhof.com\/wordpress-2018\/wp-content\/uploads\/2018\/07\/tallnerhof_balkon-2-768x576.jpg 768w, https:\/\/tallnerhof.com\/wordpress-2018\/wp-content\/uploads\/2018\/07\/tallnerhof_balkon-2.jpg 1024w, https:\/\/tallnerhof.com\/wordpress-2018\/wp-content\/uploads\/2018\/07\/tallnerhof_balkon-2-750x563.jpg 750w, https:\/\/tallnerhof.com\/wordpress-2018\/wp-content\/uploads\/2018\/07\/tallnerhof_balkon-2-555x416.jpg 555w\" sizes=\"auto, (max-width: 300px) 100vw, 300px\" \/><\/a>\n\t\t\t<\/div><\/figure><figure class='gallery-item'>\n\t\t\t<div class='gallery-icon landscape'>\n\t\t\t\t<a href='https:\/\/tallnerhof.com\/wordpress-2018\/wp-content\/uploads\/2018\/07\/tallnerhof_balkon-1.jpg' data-lightbox=\"gal[1164]\"><img loading=\"lazy\" decoding=\"async\" width=\"300\" height=\"225\" src=\"https:\/\/tallnerhof.com\/wordpress-2018\/wp-content\/uploads\/2018\/07\/tallnerhof_balkon-1-300x225.jpg\" class=\"attachment-medium size-medium\" alt=\"Balcone Passiria\" srcset=\"https:\/\/tallnerhof.com\/wordpress-2018\/wp-content\/uploads\/2018\/07\/tallnerhof_balkon-1-300x225.jpg 300w, https:\/\/tallnerhof.com\/wordpress-2018\/wp-content\/uploads\/2018\/07\/tallnerhof_balkon-1-768x576.jpg 768w, https:\/\/tallnerhof.com\/wordpress-2018\/wp-content\/uploads\/2018\/07\/tallnerhof_balkon-1.jpg 1024w, https:\/\/tallnerhof.com\/wordpress-2018\/wp-content\/uploads\/2018\/07\/tallnerhof_balkon-1-750x563.jpg 750w, https:\/\/tallnerhof.com\/wordpress-2018\/wp-content\/uploads\/2018\/07\/tallnerhof_balkon-1-555x416.jpg 555w\" sizes=\"auto, (max-width: 300px) 100vw, 300px\" \/><\/a>\n\t\t\t<\/div><\/figure><figure class='gallery-item'>\n\t\t\t<div class='gallery-icon landscape'>\n\t\t\t\t<a href='https:\/\/tallnerhof.com\/wordpress-2018\/wp-content\/uploads\/2018\/07\/tallnerhof_hofladen_2.jpg' data-lightbox=\"gal[1164]\"><img loading=\"lazy\" decoding=\"async\" width=\"300\" height=\"225\" src=\"https:\/\/tallnerhof.com\/wordpress-2018\/wp-content\/uploads\/2018\/07\/tallnerhof_hofladen_2-300x225.jpg\" class=\"attachment-medium size-medium\" alt=\"Tavolo da pranzo con panca ad angolo Passeietal\" srcset=\"https:\/\/tallnerhof.com\/wordpress-2018\/wp-content\/uploads\/2018\/07\/tallnerhof_hofladen_2-300x225.jpg 300w, https:\/\/tallnerhof.com\/wordpress-2018\/wp-content\/uploads\/2018\/07\/tallnerhof_hofladen_2-768x576.jpg 768w, https:\/\/tallnerhof.com\/wordpress-2018\/wp-content\/uploads\/2018\/07\/tallnerhof_hofladen_2.jpg 1024w, https:\/\/tallnerhof.com\/wordpress-2018\/wp-content\/uploads\/2018\/07\/tallnerhof_hofladen_2-750x563.jpg 750w, https:\/\/tallnerhof.com\/wordpress-2018\/wp-content\/uploads\/2018\/07\/tallnerhof_hofladen_2-555x416.jpg 555w\" sizes=\"auto, (max-width: 300px) 100vw, 300px\" \/><\/a>\n\t\t\t<\/div><\/figure><figure class='gallery-item'>\n\t\t\t<div class='gallery-icon landscape'>\n\t\t\t\t<a href='https:\/\/tallnerhof.com\/wordpress-2018\/wp-content\/uploads\/2018\/07\/tallnerhof_spielplatz-3.jpg' data-lightbox=\"gal[1164]\"><img loading=\"lazy\" decoding=\"async\" width=\"300\" height=\"225\" src=\"https:\/\/tallnerhof.com\/wordpress-2018\/wp-content\/uploads\/2018\/07\/tallnerhof_spielplatz-3-300x225.jpg\" class=\"attachment-medium size-medium\" alt=\"Tavolo in pietra Passeiertal\" srcset=\"https:\/\/tallnerhof.com\/wordpress-2018\/wp-content\/uploads\/2018\/07\/tallnerhof_spielplatz-3-300x225.jpg 300w, https:\/\/tallnerhof.com\/wordpress-2018\/wp-content\/uploads\/2018\/07\/tallnerhof_spielplatz-3-768x576.jpg 768w, https:\/\/tallnerhof.com\/wordpress-2018\/wp-content\/uploads\/2018\/07\/tallnerhof_spielplatz-3.jpg 1024w, https:\/\/tallnerhof.com\/wordpress-2018\/wp-content\/uploads\/2018\/07\/tallnerhof_spielplatz-3-750x563.jpg 750w, https:\/\/tallnerhof.com\/wordpress-2018\/wp-content\/uploads\/2018\/07\/tallnerhof_spielplatz-3-555x416.jpg 555w\" sizes=\"auto, (max-width: 300px) 100vw, 300px\" \/><\/a>\n\t\t\t<\/div><\/figure><figure class='gallery-item'>\n\t\t\t<div class='gallery-icon landscape'>\n\t\t\t\t<a href='https:\/\/tallnerhof.com\/wordpress-2018\/wp-content\/uploads\/2018\/07\/tallnerhof_spielplatz-4.jpg' data-lightbox=\"gal[1164]\"><img loading=\"lazy\" decoding=\"async\" width=\"300\" height=\"225\" src=\"https:\/\/tallnerhof.com\/wordpress-2018\/wp-content\/uploads\/2018\/07\/tallnerhof_spielplatz-4-300x225.jpg\" class=\"attachment-medium size-medium\" alt=\"Parco giochi Passeiertal\" srcset=\"https:\/\/tallnerhof.com\/wordpress-2018\/wp-content\/uploads\/2018\/07\/tallnerhof_spielplatz-4-300x225.jpg 300w, https:\/\/tallnerhof.com\/wordpress-2018\/wp-content\/uploads\/2018\/07\/tallnerhof_spielplatz-4-768x576.jpg 768w, https:\/\/tallnerhof.com\/wordpress-2018\/wp-content\/uploads\/2018\/07\/tallnerhof_spielplatz-4.jpg 1024w, https:\/\/tallnerhof.com\/wordpress-2018\/wp-content\/uploads\/2018\/07\/tallnerhof_spielplatz-4-750x563.jpg 750w, https:\/\/tallnerhof.com\/wordpress-2018\/wp-content\/uploads\/2018\/07\/tallnerhof_spielplatz-4-555x416.jpg 555w\" sizes=\"auto, (max-width: 300px) 100vw, 300px\" \/><\/a>\n\t\t\t<\/div><\/figure><figure class='gallery-item'>\n\t\t\t<div class='gallery-icon landscape'>\n\t\t\t\t<a href='https:\/\/tallnerhof.com\/wordpress-2018\/wp-content\/uploads\/2018\/07\/tallnerhof_spielplatz-5.jpg' data-lightbox=\"gal[1164]\"><img loading=\"lazy\" decoding=\"async\" width=\"300\" height=\"225\" src=\"https:\/\/tallnerhof.com\/wordpress-2018\/wp-content\/uploads\/2018\/07\/tallnerhof_spielplatz-5-300x225.jpg\" class=\"attachment-medium size-medium\" alt=\"Bank Passeiertal\" srcset=\"https:\/\/tallnerhof.com\/wordpress-2018\/wp-content\/uploads\/2018\/07\/tallnerhof_spielplatz-5-300x225.jpg 300w, https:\/\/tallnerhof.com\/wordpress-2018\/wp-content\/uploads\/2018\/07\/tallnerhof_spielplatz-5-768x576.jpg 768w, https:\/\/tallnerhof.com\/wordpress-2018\/wp-content\/uploads\/2018\/07\/tallnerhof_spielplatz-5.jpg 1024w, https:\/\/tallnerhof.com\/wordpress-2018\/wp-content\/uploads\/2018\/07\/tallnerhof_spielplatz-5-750x563.jpg 750w, https:\/\/tallnerhof.com\/wordpress-2018\/wp-content\/uploads\/2018\/07\/tallnerhof_spielplatz-5-555x416.jpg 555w\" sizes=\"auto, (max-width: 300px) 100vw, 300px\" \/><\/a>\n\t\t\t<\/div><\/figure><figure class='gallery-item'>\n\t\t\t<div class='gallery-icon landscape'>\n\t\t\t\t<a href='https:\/\/tallnerhof.com\/wordpress-2018\/wp-content\/uploads\/2018\/07\/tallnerhof_ambiente-1.jpg' data-lightbox=\"gal[1164]\"><img loading=\"lazy\" decoding=\"async\" width=\"300\" height=\"225\" src=\"https:\/\/tallnerhof.com\/wordpress-2018\/wp-content\/uploads\/2018\/07\/tallnerhof_ambiente-1-300x225.jpg\" class=\"attachment-medium size-medium\" alt=\"Fiori Passeiertal\" srcset=\"https:\/\/tallnerhof.com\/wordpress-2018\/wp-content\/uploads\/2018\/07\/tallnerhof_ambiente-1-300x225.jpg 300w, https:\/\/tallnerhof.com\/wordpress-2018\/wp-content\/uploads\/2018\/07\/tallnerhof_ambiente-1-768x576.jpg 768w, https:\/\/tallnerhof.com\/wordpress-2018\/wp-content\/uploads\/2018\/07\/tallnerhof_ambiente-1.jpg 1024w, https:\/\/tallnerhof.com\/wordpress-2018\/wp-content\/uploads\/2018\/07\/tallnerhof_ambiente-1-750x563.jpg 750w, https:\/\/tallnerhof.com\/wordpress-2018\/wp-content\/uploads\/2018\/07\/tallnerhof_ambiente-1-555x416.jpg 555w\" sizes=\"auto, (max-width: 300px) 100vw, 300px\" \/><\/a>\n\t\t\t<\/div><\/figure><figure class='gallery-item'>\n\t\t\t<div class='gallery-icon landscape'>\n\t\t\t\t<a href='https:\/\/tallnerhof.com\/wordpress-2018\/wp-content\/uploads\/2018\/07\/tallnerhof_ambiente-3.jpg' data-lightbox=\"gal[1164]\"><img loading=\"lazy\" decoding=\"async\" width=\"300\" height=\"225\" src=\"https:\/\/tallnerhof.com\/wordpress-2018\/wp-content\/uploads\/2018\/07\/tallnerhof_ambiente-3-300x225.jpg\" class=\"attachment-medium size-medium\" alt=\"Fiori Passeiertal\" srcset=\"https:\/\/tallnerhof.com\/wordpress-2018\/wp-content\/uploads\/2018\/07\/tallnerhof_ambiente-3-300x225.jpg 300w, https:\/\/tallnerhof.com\/wordpress-2018\/wp-content\/uploads\/2018\/07\/tallnerhof_ambiente-3-768x576.jpg 768w, https:\/\/tallnerhof.com\/wordpress-2018\/wp-content\/uploads\/2018\/07\/tallnerhof_ambiente-3.jpg 1024w, https:\/\/tallnerhof.com\/wordpress-2018\/wp-content\/uploads\/2018\/07\/tallnerhof_ambiente-3-750x563.jpg 750w, https:\/\/tallnerhof.com\/wordpress-2018\/wp-content\/uploads\/2018\/07\/tallnerhof_ambiente-3-555x416.jpg 555w\" sizes=\"auto, (max-width: 300px) 100vw, 300px\" \/><\/a>\n\t\t\t<\/div><\/figure><figure class='gallery-item'>\n\t\t\t<div class='gallery-icon landscape'>\n\t\t\t\t<a href='https:\/\/tallnerhof.com\/wordpress-2018\/wp-content\/uploads\/2018\/07\/tallnerhof_hund-2.jpg' data-lightbox=\"gal[1164]\"><img loading=\"lazy\" decoding=\"async\" width=\"300\" height=\"225\" src=\"https:\/\/tallnerhof.com\/wordpress-2018\/wp-content\/uploads\/2018\/07\/tallnerhof_hund-2-300x225.jpg\" class=\"attachment-medium size-medium\" alt=\"Cane Passeiertal\" srcset=\"https:\/\/tallnerhof.com\/wordpress-2018\/wp-content\/uploads\/2018\/07\/tallnerhof_hund-2-300x225.jpg 300w, https:\/\/tallnerhof.com\/wordpress-2018\/wp-content\/uploads\/2018\/07\/tallnerhof_hund-2-768x576.jpg 768w, https:\/\/tallnerhof.com\/wordpress-2018\/wp-content\/uploads\/2018\/07\/tallnerhof_hund-2.jpg 1024w, https:\/\/tallnerhof.com\/wordpress-2018\/wp-content\/uploads\/2018\/07\/tallnerhof_hund-2-750x563.jpg 750w, https:\/\/tallnerhof.com\/wordpress-2018\/wp-content\/uploads\/2018\/07\/tallnerhof_hund-2-555x416.jpg 555w\" sizes=\"auto, (max-width: 300px) 100vw, 300px\" \/><\/a>\n\t\t\t<\/div><\/figure><figure class='gallery-item'>\n\t\t\t<div class='gallery-icon landscape'>\n\t\t\t\t<a href='https:\/\/tallnerhof.com\/wordpress-2018\/wp-content\/uploads\/2018\/07\/tallnerhof_hund.jpg' data-lightbox=\"gal[1164]\"><img loading=\"lazy\" decoding=\"async\" width=\"300\" height=\"225\" src=\"https:\/\/tallnerhof.com\/wordpress-2018\/wp-content\/uploads\/2018\/07\/tallnerhof_hund-300x225.jpg\" class=\"attachment-medium size-medium\" alt=\"Cane Passeiertal\" srcset=\"https:\/\/tallnerhof.com\/wordpress-2018\/wp-content\/uploads\/2018\/07\/tallnerhof_hund-300x225.jpg 300w, https:\/\/tallnerhof.com\/wordpress-2018\/wp-content\/uploads\/2018\/07\/tallnerhof_hund-768x576.jpg 768w, https:\/\/tallnerhof.com\/wordpress-2018\/wp-content\/uploads\/2018\/07\/tallnerhof_hund.jpg 1024w, https:\/\/tallnerhof.com\/wordpress-2018\/wp-content\/uploads\/2018\/07\/tallnerhof_hund-750x563.jpg 750w, https:\/\/tallnerhof.com\/wordpress-2018\/wp-content\/uploads\/2018\/07\/tallnerhof_hund-555x416.jpg 555w\" sizes=\"auto, (max-width: 300px) 100vw, 300px\" \/><\/a>\n\t\t\t<\/div><\/figure><figure class='gallery-item'>\n\t\t\t<div class='gallery-icon landscape'>\n\t\t\t\t<a href='https:\/\/tallnerhof.com\/wordpress-2018\/wp-content\/uploads\/2018\/07\/tallnerhof_grauvieh-2.jpg' data-lightbox=\"gal[1164]\"><img loading=\"lazy\" decoding=\"async\" width=\"300\" height=\"225\" src=\"https:\/\/tallnerhof.com\/wordpress-2018\/wp-content\/uploads\/2018\/07\/tallnerhof_grauvieh-2-300x225.jpg\" class=\"attachment-medium size-medium\" alt=\"mucche Passiria\" srcset=\"https:\/\/tallnerhof.com\/wordpress-2018\/wp-content\/uploads\/2018\/07\/tallnerhof_grauvieh-2-300x225.jpg 300w, https:\/\/tallnerhof.com\/wordpress-2018\/wp-content\/uploads\/2018\/07\/tallnerhof_grauvieh-2-768x576.jpg 768w, https:\/\/tallnerhof.com\/wordpress-2018\/wp-content\/uploads\/2018\/07\/tallnerhof_grauvieh-2.jpg 1024w, https:\/\/tallnerhof.com\/wordpress-2018\/wp-content\/uploads\/2018\/07\/tallnerhof_grauvieh-2-750x563.jpg 750w, https:\/\/tallnerhof.com\/wordpress-2018\/wp-content\/uploads\/2018\/07\/tallnerhof_grauvieh-2-555x416.jpg 555w\" sizes=\"auto, (max-width: 300px) 100vw, 300px\" \/><\/a>\n\t\t\t<\/div><\/figure><figure class='gallery-item'>\n\t\t\t<div class='gallery-icon landscape'>\n\t\t\t\t<a href='https:\/\/tallnerhof.com\/wordpress-2018\/wp-content\/uploads\/2018\/07\/tallnerhof_grauvieh-1.jpg' data-lightbox=\"gal[1164]\"><img loading=\"lazy\" decoding=\"async\" width=\"300\" height=\"225\" src=\"https:\/\/tallnerhof.com\/wordpress-2018\/wp-content\/uploads\/2018\/07\/tallnerhof_grauvieh-1-300x225.jpg\" class=\"attachment-medium size-medium\" alt=\"mucche Passiria\" srcset=\"https:\/\/tallnerhof.com\/wordpress-2018\/wp-content\/uploads\/2018\/07\/tallnerhof_grauvieh-1-300x225.jpg 300w, https:\/\/tallnerhof.com\/wordpress-2018\/wp-content\/uploads\/2018\/07\/tallnerhof_grauvieh-1-768x576.jpg 768w, https:\/\/tallnerhof.com\/wordpress-2018\/wp-content\/uploads\/2018\/07\/tallnerhof_grauvieh-1.jpg 1024w, https:\/\/tallnerhof.com\/wordpress-2018\/wp-content\/uploads\/2018\/07\/tallnerhof_grauvieh-1-750x563.jpg 750w, https:\/\/tallnerhof.com\/wordpress-2018\/wp-content\/uploads\/2018\/07\/tallnerhof_grauvieh-1-555x416.jpg 555w\" sizes=\"auto, (max-width: 300px) 100vw, 300px\" \/><\/a>\n\t\t\t<\/div><\/figure><figure class='gallery-item'>\n\t\t\t<div class='gallery-icon landscape'>\n\t\t\t\t<a href='https:\/\/tallnerhof.com\/wordpress-2018\/wp-content\/uploads\/2018\/07\/tallnerhof_katzen-2.jpg' data-lightbox=\"gal[1164]\"><img loading=\"lazy\" decoding=\"async\" width=\"300\" height=\"225\" src=\"https:\/\/tallnerhof.com\/wordpress-2018\/wp-content\/uploads\/2018\/07\/tallnerhof_katzen-2-300x225.jpg\" class=\"attachment-medium size-medium\" alt=\"Cat Passeiertal\" srcset=\"https:\/\/tallnerhof.com\/wordpress-2018\/wp-content\/uploads\/2018\/07\/tallnerhof_katzen-2-300x225.jpg 300w, https:\/\/tallnerhof.com\/wordpress-2018\/wp-content\/uploads\/2018\/07\/tallnerhof_katzen-2-768x576.jpg 768w, https:\/\/tallnerhof.com\/wordpress-2018\/wp-content\/uploads\/2018\/07\/tallnerhof_katzen-2.jpg 1024w, https:\/\/tallnerhof.com\/wordpress-2018\/wp-content\/uploads\/2018\/07\/tallnerhof_katzen-2-750x563.jpg 750w, https:\/\/tallnerhof.com\/wordpress-2018\/wp-content\/uploads\/2018\/07\/tallnerhof_katzen-2-555x416.jpg 555w\" sizes=\"auto, (max-width: 300px) 100vw, 300px\" \/><\/a>\n\t\t\t<\/div><\/figure><figure class='gallery-item'>\n\t\t\t<div class='gallery-icon landscape'>\n\t\t\t\t<a href='https:\/\/tallnerhof.com\/wordpress-2018\/wp-content\/uploads\/2018\/07\/tallnerhof_katzen-1.jpg' data-lightbox=\"gal[1164]\"><img loading=\"lazy\" decoding=\"async\" width=\"300\" height=\"225\" src=\"https:\/\/tallnerhof.com\/wordpress-2018\/wp-content\/uploads\/2018\/07\/tallnerhof_katzen-1-300x225.jpg\" class=\"attachment-medium size-medium\" alt=\"Cat Passeiertal\" srcset=\"https:\/\/tallnerhof.com\/wordpress-2018\/wp-content\/uploads\/2018\/07\/tallnerhof_katzen-1-300x225.jpg 300w, https:\/\/tallnerhof.com\/wordpress-2018\/wp-content\/uploads\/2018\/07\/tallnerhof_katzen-1-768x576.jpg 768w, https:\/\/tallnerhof.com\/wordpress-2018\/wp-content\/uploads\/2018\/07\/tallnerhof_katzen-1.jpg 1024w, https:\/\/tallnerhof.com\/wordpress-2018\/wp-content\/uploads\/2018\/07\/tallnerhof_katzen-1-750x563.jpg 750w, https:\/\/tallnerhof.com\/wordpress-2018\/wp-content\/uploads\/2018\/07\/tallnerhof_katzen-1-555x416.jpg 555w\" sizes=\"auto, (max-width: 300px) 100vw, 300px\" \/><\/a>\n\t\t\t<\/div><\/figure>\n\t\t<\/div>\n","protected":false},"excerpt":{"rendered":"<p>Il nostro maso \u00e8 stato acquistato nel 1932 da Sebastian Gufler, che proveniva dalla Valle V\u00e0rtleiser. Della propriet\u00e0 di allora una buona parte \u00e8 andata perduta, parte dei diritti e [&hellip;]<\/p>\n","protected":false},"author":2,"featured_media":0,"parent":0,"menu_order":1,"comment_status":"closed","ping_status":"closed","template":"","meta":{"footnotes":""},"class_list":["post-1164","page","type-page","status-publish","hentry"],"_links":{"self":[{"href":"https:\/\/tallnerhof.com\/it\/wp-json\/wp\/v2\/pages\/1164","targetHints":{"allow":["GET"]}}],"collection":[{"href":"https:\/\/tallnerhof.com\/it\/wp-json\/wp\/v2\/pages"}],"about":[{"href":"https:\/\/tallnerhof.com\/it\/wp-json\/wp\/v2\/types\/page"}],"author":[{"embeddable":true,"href":"https:\/\/tallnerhof.com\/it\/wp-json\/wp\/v2\/users\/2"}],"replies":[{"embeddable":true,"href":"https:\/\/tallnerhof.com\/it\/wp-json\/wp\/v2\/comments?post=1164"}],"version-history":[{"count":10,"href":"https:\/\/tallnerhof.com\/it\/wp-json\/wp\/v2\/pages\/1164\/revisions"}],"predecessor-version":[{"id":1991,"href":"https:\/\/tallnerhof.com\/it\/wp-json\/wp\/v2\/pages\/1164\/revisions\/1991"}],"wp:attachment":[{"href":"https:\/\/tallnerhof.com\/it\/wp-json\/wp\/v2\/media?parent=1164"}],"curies":[{"name":"wp","href":"https:\/\/api.w.org\/{rel}","templated":true}]}}